{"id":544,"date":"2022-04-27T18:00:31","date_gmt":"2022-04-27T18:00:31","guid":{"rendered":"https:\/\/vc.tecnologiasjcas.com\/?page_id=544"},"modified":"2022-04-28T19:53:10","modified_gmt":"2022-04-28T19:53:10","slug":"codigo-qr","status":"publish","type":"page","link":"https:\/\/vc.tecnologiasjcas.com\/index.php\/codigo-qr\/","title":{"rendered":"C\u00f3digo QR tarjeta virtual"},"content":{"rendered":"\t\t<div data-elementor-type=\"wp-page\" data-elementor-id=\"544\" class=\"elementor elementor-544\">\n\t\t\t\t\t\t\t\t\t<section class=\"elementor-section elementor-top-section elementor-element elementor-element-c635022 elementor-section-full_width elementor-section-height-min-height elementor-section-items-stretch elementor-section-content-bottom elementor-section-height-default\" data-id=\"c635022\" data-element_type=\"section\" data-settings=\"{&quot;background_background&quot;:&quot;video&quot;,&quot;background_video_link&quot;:&quot;https:\\\/\\\/vc.tecnologiasjcas.com\\\/wp-content\\\/uploads\\\/2022\\\/04\\\/TARJETA-DIGITAL-JCAS.mp4&quot;,&quot;background_video_start&quot;:-1,&quot;background_video_end&quot;:12,&quot;background_play_on_mobile&quot;:&quot;yes&quot;}\">\n\t\t\t\t\t\t\t\t<div class=\"elementor-background-video-container\">\n\t\t\t\t\t\t\t\t\t\t\t\t\t<video class=\"elementor-background-video-hosted elementor-html5-video\" autoplay muted playsinline loop><\/video>\n\t\t\t\t\t\t\t\t\t\t\t<\/div>\n\t\t\t\t\t\t\t\t<div class=\"elementor-container elementor-column-gap-extended\">\n\t\t\t\t\t<div class=\"elementor-column elementor-col-100 elementor-top-column elementor-element elementor-element-8caf91f\" data-id=\"8caf91f\" data-element_type=\"column\">\n\t\t\t<div class=\"elementor-widget-wrap elementor-element-populated\">\n\t\t\t\t\t\t\t\t<div class=\"elementor-element elementor-element-39f3a2e elementor-widget elementor-widget-heading\" data-id=\"39f3a2e\" data-element_type=\"widget\" data-widget_type=\"heading.default\">\n\t\t\t\t<div class=\"elementor-widget-container\">\n\t\t\t<style>\/*! elementor - v3.6.5 - 27-04-2022 *\/\n.elementor-heading-title{padding:0;margin:0;line-height:1}.elementor-widget-heading .elementor-heading-title[class*=elementor-size-]>a{color:inherit;font-size:inherit;line-height:inherit}.elementor-widget-heading .elementor-heading-title.elementor-size-small{font-size:15px}.elementor-widget-heading .elementor-heading-title.elementor-size-medium{font-size:19px}.elementor-widget-heading .elementor-heading-title.elementor-size-large{font-size:29px}.elementor-widget-heading .elementor-heading-title.elementor-size-xl{font-size:39px}.elementor-widget-heading .elementor-heading-title.elementor-size-xxl{font-size:59px}<\/style><h3 class=\"elementor-heading-title elementor-size-default\">Escanea el C\u00f3digo QR desde tu M\u00f3vil<\/h3>\t\t<\/div>\n\t\t\t\t<\/div>\n\t\t\t\t<div class=\"elementor-element elementor-element-7c2d7ed elementor-widget elementor-widget-image\" data-id=\"7c2d7ed\" data-element_type=\"widget\" data-widget_type=\"image.default\">\n\t\t\t\t<div class=\"elementor-widget-container\">\n\t\t\t<style>\/*! elementor - v3.6.5 - 27-04-2022 *\/\n.elementor-widget-image{text-align:center}.elementor-widget-image a{display:inline-block}.elementor-widget-image a img[src$=\".svg\"]{width:48px}.elementor-widget-image img{vertical-align:middle;display:inline-block}<\/style>\t\t\t\t\t\t\t\t\t\t\t\t<img loading=\"lazy\" decoding=\"async\" width=\"375\" height=\"666\" src=\"https:\/\/vc.tecnologiasjcas.com\/wp-content\/uploads\/2022\/04\/TARJETA_DIGITAL_JCAS___4_-removebg-preview.png\" class=\"attachment-full size-full\" alt=\"\" srcset=\"https:\/\/vc.tecnologiasjcas.com\/wp-content\/uploads\/2022\/04\/TARJETA_DIGITAL_JCAS___4_-removebg-preview.png 375w, https:\/\/vc.tecnologiasjcas.com\/wp-content\/uploads\/2022\/04\/TARJETA_DIGITAL_JCAS___4_-removebg-preview-169x300.png 169w\" sizes=\"auto, (max-width: 375px) 100vw, 375px\" \/>\t\t\t\t\t\t\t\t\t\t\t\t\t\t\t<\/div>\n\t\t\t\t<\/div>\n\t\t\t\t\t<\/div>\n\t\t<\/div>\n\t\t\t\t\t\t\t<\/div>\n\t\t<\/section>\n\t\t\t\t\t\t\t<\/div>\n\t\t","protected":false},"excerpt":{"rendered":"<p>Escanea el C\u00f3digo QR desde tu M\u00f3vil<\/p>\n","protected":false},"author":2,"featured_media":0,"parent":0,"menu_order":0,"comment_status":"closed","ping_status":"closed","template":"elementor_canvas","meta":{"footnotes":""},"class_list":["post-544","page","type-page","status-publish","hentry"],"yoast_head":"<!-- This site is optimized with the Yoast SEO plugin v23.6 - https:\/\/yoast.com\/wordpress\/plugins\/seo\/ -->\n<title>C\u00f3digo QR tarjeta virtual JCAS<\/title>\n<meta name=\"description\" content=\"Le brindamos el servicio de Seguridad Electr\u00f3nica, desde c\u00e1maras de seguridad, sensores de acceso, equipos de computaci\u00f3n as\u00ed como centrales de monitoreo\" \/>\n<meta name=\"robots\" content=\"index, follow, max-snippet:-1, max-image-preview:large, max-video-preview:-1\" \/>\n<link rel=\"canonical\" href=\"https:\/\/vc.tecnologiasjcas.com\/index.php\/codigo-qr\/\" \/>\n<meta property=\"og:locale\" content=\"en_US\" \/>\n<meta property=\"og:type\" content=\"article\" \/>\n<meta property=\"og:title\" content=\"C\u00f3digo QR tarjeta virtual JCAS\" \/>\n<meta property=\"og:description\" content=\"Le brindamos el servicio de Seguridad Electr\u00f3nica, desde c\u00e1maras de seguridad, sensores de acceso, equipos de computaci\u00f3n as\u00ed como centrales de monitoreo\" \/>\n<meta property=\"og:url\" content=\"https:\/\/vc.tecnologiasjcas.com\/index.php\/codigo-qr\/\" \/>\n<meta property=\"og:site_name\" content=\"vc.tecnologiasjcas.com\" \/>\n<meta property=\"article:modified_time\" content=\"2022-04-28T19:53:10+00:00\" \/>\n<meta property=\"og:image\" content=\"https:\/\/vc.tecnologiasjcas.com\/wp-content\/uploads\/2022\/04\/TARJETA_DIGITAL_JCAS___4_-removebg-preview.png\" \/>\n<meta name=\"twitter:card\" content=\"summary_large_image\" \/>\n<meta name=\"twitter:label1\" content=\"Est. reading time\" \/>\n\t<meta name=\"twitter:data1\" content=\"1 minute\" \/>\n<script type=\"application\/ld+json\" class=\"yoast-schema-graph\">{\"@context\":\"https:\/\/schema.org\",\"@graph\":[{\"@type\":\"WebPage\",\"@id\":\"https:\/\/vc.tecnologiasjcas.com\/index.php\/codigo-qr\/\",\"url\":\"https:\/\/vc.tecnologiasjcas.com\/index.php\/codigo-qr\/\",\"name\":\"C\u00f3digo QR tarjeta virtual JCAS\",\"isPartOf\":{\"@id\":\"https:\/\/vc.tecnologiasjcas.com\/#website\"},\"primaryImageOfPage\":{\"@id\":\"https:\/\/vc.tecnologiasjcas.com\/index.php\/codigo-qr\/#primaryimage\"},\"image\":{\"@id\":\"https:\/\/vc.tecnologiasjcas.com\/index.php\/codigo-qr\/#primaryimage\"},\"thumbnailUrl\":\"https:\/\/vc.tecnologiasjcas.com\/wp-content\/uploads\/2022\/04\/TARJETA_DIGITAL_JCAS___4_-removebg-preview.png\",\"datePublished\":\"2022-04-27T18:00:31+00:00\",\"dateModified\":\"2022-04-28T19:53:10+00:00\",\"description\":\"Le brindamos el servicio de Seguridad Electr\u00f3nica, desde c\u00e1maras de seguridad, sensores de acceso, equipos de computaci\u00f3n as\u00ed como centrales de monitoreo\",\"breadcrumb\":{\"@id\":\"https:\/\/vc.tecnologiasjcas.com\/index.php\/codigo-qr\/#breadcrumb\"},\"inLanguage\":\"en-US\",\"potentialAction\":[{\"@type\":\"ReadAction\",\"target\":[\"https:\/\/vc.tecnologiasjcas.com\/index.php\/codigo-qr\/\"]}]},{\"@type\":\"ImageObject\",\"inLanguage\":\"en-US\",\"@id\":\"https:\/\/vc.tecnologiasjcas.com\/index.php\/codigo-qr\/#primaryimage\",\"url\":\"https:\/\/vc.tecnologiasjcas.com\/wp-content\/uploads\/2022\/04\/TARJETA_DIGITAL_JCAS___4_-removebg-preview.png\",\"contentUrl\":\"https:\/\/vc.tecnologiasjcas.com\/wp-content\/uploads\/2022\/04\/TARJETA_DIGITAL_JCAS___4_-removebg-preview.png\",\"width\":375,\"height\":666},{\"@type\":\"BreadcrumbList\",\"@id\":\"https:\/\/vc.tecnologiasjcas.com\/index.php\/codigo-qr\/#breadcrumb\",\"itemListElement\":[{\"@type\":\"ListItem\",\"position\":1,\"name\":\"Home\",\"item\":\"https:\/\/vc.tecnologiasjcas.com\/\"},{\"@type\":\"ListItem\",\"position\":2,\"name\":\"C\u00f3digo QR tarjeta virtual\"}]},{\"@type\":\"WebSite\",\"@id\":\"https:\/\/vc.tecnologiasjcas.com\/#website\",\"url\":\"https:\/\/vc.tecnologiasjcas.com\/\",\"name\":\"vc.tecnologiasjcas.com\",\"description\":\"Just another WordPress site\",\"potentialAction\":[{\"@type\":\"SearchAction\",\"target\":{\"@type\":\"EntryPoint\",\"urlTemplate\":\"https:\/\/vc.tecnologiasjcas.com\/?s={search_term_string}\"},\"query-input\":{\"@type\":\"PropertyValueSpecification\",\"valueRequired\":true,\"valueName\":\"search_term_string\"}}],\"inLanguage\":\"en-US\"}]}<\/script>\n<!-- \/ Yoast SEO plugin. -->","yoast_head_json":{"title":"C\u00f3digo QR tarjeta virtual JCAS","description":"Le brindamos el servicio de Seguridad Electr\u00f3nica, desde c\u00e1maras de seguridad, sensores de acceso, equipos de computaci\u00f3n as\u00ed como centrales de monitoreo","robots":{"index":"index","follow":"follow","max-snippet":"max-snippet:-1","max-image-preview":"max-image-preview:large","max-video-preview":"max-video-preview:-1"},"canonical":"https:\/\/vc.tecnologiasjcas.com\/index.php\/codigo-qr\/","og_locale":"en_US","og_type":"article","og_title":"C\u00f3digo QR tarjeta virtual JCAS","og_description":"Le brindamos el servicio de Seguridad Electr\u00f3nica, desde c\u00e1maras de seguridad, sensores de acceso, equipos de computaci\u00f3n as\u00ed como centrales de monitoreo","og_url":"https:\/\/vc.tecnologiasjcas.com\/index.php\/codigo-qr\/","og_site_name":"vc.tecnologiasjcas.com","article_modified_time":"2022-04-28T19:53:10+00:00","og_image":[{"url":"https:\/\/vc.tecnologiasjcas.com\/wp-content\/uploads\/2022\/04\/TARJETA_DIGITAL_JCAS___4_-removebg-preview.png"}],"twitter_card":"summary_large_image","twitter_misc":{"Est. reading time":"1 minute"},"schema":{"@context":"https:\/\/schema.org","@graph":[{"@type":"WebPage","@id":"https:\/\/vc.tecnologiasjcas.com\/index.php\/codigo-qr\/","url":"https:\/\/vc.tecnologiasjcas.com\/index.php\/codigo-qr\/","name":"C\u00f3digo QR tarjeta virtual JCAS","isPartOf":{"@id":"https:\/\/vc.tecnologiasjcas.com\/#website"},"primaryImageOfPage":{"@id":"https:\/\/vc.tecnologiasjcas.com\/index.php\/codigo-qr\/#primaryimage"},"image":{"@id":"https:\/\/vc.tecnologiasjcas.com\/index.php\/codigo-qr\/#primaryimage"},"thumbnailUrl":"https:\/\/vc.tecnologiasjcas.com\/wp-content\/uploads\/2022\/04\/TARJETA_DIGITAL_JCAS___4_-removebg-preview.png","datePublished":"2022-04-27T18:00:31+00:00","dateModified":"2022-04-28T19:53:10+00:00","description":"Le brindamos el servicio de Seguridad Electr\u00f3nica, desde c\u00e1maras de seguridad, sensores de acceso, equipos de computaci\u00f3n as\u00ed como centrales de monitoreo","breadcrumb":{"@id":"https:\/\/vc.tecnologiasjcas.com\/index.php\/codigo-qr\/#breadcrumb"},"inLanguage":"en-US","potentialAction":[{"@type":"ReadAction","target":["https:\/\/vc.tecnologiasjcas.com\/index.php\/codigo-qr\/"]}]},{"@type":"ImageObject","inLanguage":"en-US","@id":"https:\/\/vc.tecnologiasjcas.com\/index.php\/codigo-qr\/#primaryimage","url":"https:\/\/vc.tecnologiasjcas.com\/wp-content\/uploads\/2022\/04\/TARJETA_DIGITAL_JCAS___4_-removebg-preview.png","contentUrl":"https:\/\/vc.tecnologiasjcas.com\/wp-content\/uploads\/2022\/04\/TARJETA_DIGITAL_JCAS___4_-removebg-preview.png","width":375,"height":666},{"@type":"BreadcrumbList","@id":"https:\/\/vc.tecnologiasjcas.com\/index.php\/codigo-qr\/#breadcrumb","itemListElement":[{"@type":"ListItem","position":1,"name":"Home","item":"https:\/\/vc.tecnologiasjcas.com\/"},{"@type":"ListItem","position":2,"name":"C\u00f3digo QR tarjeta virtual"}]},{"@type":"WebSite","@id":"https:\/\/vc.tecnologiasjcas.com\/#website","url":"https:\/\/vc.tecnologiasjcas.com\/","name":"vc.tecnologiasjcas.com","description":"Just another WordPress site","potentialAction":[{"@type":"SearchAction","target":{"@type":"EntryPoint","urlTemplate":"https:\/\/vc.tecnologiasjcas.com\/?s={search_term_string}"},"query-input":{"@type":"PropertyValueSpecification","valueRequired":true,"valueName":"search_term_string"}}],"inLanguage":"en-US"}]}},"_links":{"self":[{"href":"https:\/\/vc.tecnologiasjcas.com\/index.php\/wp-json\/wp\/v2\/pages\/544","targetHints":{"allow":["GET"]}}],"collection":[{"href":"https:\/\/vc.tecnologiasjcas.com\/index.php\/wp-json\/wp\/v2\/pages"}],"about":[{"href":"https:\/\/vc.tecnologiasjcas.com\/index.php\/wp-json\/wp\/v2\/types\/page"}],"author":[{"embeddable":true,"href":"https:\/\/vc.tecnologiasjcas.com\/index.php\/wp-json\/wp\/v2\/users\/2"}],"replies":[{"embeddable":true,"href":"https:\/\/vc.tecnologiasjcas.com\/index.php\/wp-json\/wp\/v2\/comments?post=544"}],"version-history":[{"count":23,"href":"https:\/\/vc.tecnologiasjcas.com\/index.php\/wp-json\/wp\/v2\/pages\/544\/revisions"}],"predecessor-version":[{"id":783,"href":"https:\/\/vc.tecnologiasjcas.com\/index.php\/wp-json\/wp\/v2\/pages\/544\/revisions\/783"}],"wp:attachment":[{"href":"https:\/\/vc.tecnologiasjcas.com\/index.php\/wp-json\/wp\/v2\/media?parent=544"}],"curies":[{"name":"wp","href":"https:\/\/api.w.org\/{rel}","templated":true}]}}